{"id":566,"date":"2023-06-22T17:47:05","date_gmt":"2023-06-22T17:47:05","guid":{"rendered":"https:\/\/www.grupointerlace.com\/?page_id=566"},"modified":"2024-03-21T14:39:29","modified_gmt":"2024-03-21T14:39:29","slug":"blog","status":"publish","type":"page","link":"https:\/\/www.grupointerlace.com\/?page_id=566","title":{"rendered":"Blog"},"content":{"rendered":"\t\t<div data-elementor-type=\"wp-page\" data-elementor-id=\"566\" class=\"elementor elementor-566\" data-elementor-post-type=\"page\">\n\t\t\t\t\t\t<section class=\"elementor-section elementor-top-section elementor-element elementor-element-3f5d1f49 elementor-section-full_width elementor-section-height-default elementor-section-height-default\" data-id=\"3f5d1f49\" data-element_type=\"section\" data-e-type=\"section\">\n\t\t\t\t\t\t<div class=\"elementor-container elementor-column-gap-default\">\n\t\t\t\t\t<div class=\"elementor-column elementor-col-100 elementor-top-column elementor-element elementor-element-32caef50\" data-id=\"32caef50\" data-element_type=\"column\" data-e-type=\"column\">\n\t\t\t<div class=\"elementor-widget-wrap elementor-element-populated\">\n\t\t\t\t\t\t<div class=\"elementor-element elementor-element-5ff31e49 elementor--h-position-center elementor--v-position-middle elementor-arrows-position-inside elementor-pagination-position-inside elementor-widget elementor-widget-slides\" data-id=\"5ff31e49\" data-element_type=\"widget\" data-e-type=\"widget\" data-settings=\"{&quot;navigation&quot;:&quot;both&quot;,&quot;autoplay&quot;:&quot;yes&quot;,&quot;pause_on_hover&quot;:&quot;yes&quot;,&quot;pause_on_interaction&quot;:&quot;yes&quot;,&quot;autoplay_speed&quot;:5000,&quot;infinite&quot;:&quot;yes&quot;,&quot;transition&quot;:&quot;slide&quot;,&quot;transition_speed&quot;:500}\" data-widget_type=\"slides.default\">\n\t\t\t\t<div class=\"elementor-widget-container\">\n\t\t\t\t\t\t\t\t\t<div class=\"elementor-swiper\">\n\t\t\t\t\t<div class=\"elementor-slides-wrapper elementor-main-swiper swiper\" role=\"region\" aria-roledescription=\"carousel\" aria-label=\"Diapositivas\" dir=\"ltr\" data-animation=\"fadeInUp\">\n\t\t\t\t<div class=\"swiper-wrapper elementor-slides\">\n\t\t\t\t\t\t\t\t\t\t<div class=\"elementor-repeater-item-abdba81 swiper-slide\" role=\"group\" aria-roledescription=\"slide\"><div class=\"swiper-slide-bg\" role=\"img\"><\/div><a class=\"swiper-slide-inner\" href=\"https:\/\/www.grupointerlace.com\/?p=2146\"><div class=\"swiper-slide-contents\"><div class=\"elementor-slide-heading\">Que es agenciamiento Aduanero?<\/div><div class=\"elementor-slide-description\">Muchas son las dudas que se crean alrededor de este concepto tan popular en el comercio internacional, averig\u00fcemos de que se trata.<\/div><div  class=\"elementor-button elementor-slide-button elementor-size-sm\">Haz clic aqu\u00ed<\/div><\/div><\/a><\/div><div class=\"elementor-repeater-item-d46dc15 swiper-slide\" role=\"group\" aria-roledescription=\"slide\"><div class=\"swiper-slide-bg\" role=\"img\"><\/div><div class=\"elementor-background-overlay\"><\/div><a class=\"swiper-slide-inner\" href=\"https:\/\/www.grupointerlace.com\/?p=2869\"><div class=\"swiper-slide-contents\"><div class=\"elementor-slide-heading\">Las Zonas Francas<\/div><div class=\"elementor-slide-description\">Que son?, cual es su funci\u00f3n?, Que tan importantes son para el comercio exterior?<\/div><div  class=\"elementor-button elementor-slide-button elementor-size-sm\">Haz clic aqu\u00ed<\/div><\/div><\/a><\/div><div class=\"elementor-repeater-item-4ee857f swiper-slide\" role=\"group\" aria-roledescription=\"slide\"><div class=\"swiper-slide-bg\" role=\"img\"><\/div><div class=\"elementor-background-overlay\"><\/div><div class=\"swiper-slide-inner\" ><div class=\"swiper-slide-contents\"><div class=\"elementor-slide-heading\">Exportaciones en Colombia<\/div><div class=\"elementor-slide-description\">Descubre cuales son los principales factores a tener en cuenta en nuestro pa\u00eds para la salida de mercanc\u00edas al exterior.<\/div><div  class=\"elementor-button elementor-slide-button elementor-size-sm\">Haz clic aqu\u00ed<\/div><\/div><\/div><\/div><div class=\"elementor-repeater-item-31e1b56 swiper-slide\" role=\"group\" aria-roledescription=\"slide\"><div class=\"swiper-slide-bg\" role=\"img\"><\/div><div class=\"elementor-background-overlay\"><\/div><a class=\"swiper-slide-inner\" href=\"https:\/\/www.grupointerlace.com\/?p=2892\"><div class=\"swiper-slide-contents\"><div class=\"elementor-slide-heading\">Cuales son los principales puntos a tener en cuenta en la normatividad aduanera Colombiana<\/div><div class=\"elementor-slide-description\">Muchas son las dudas que se generan con la normatividad aduanera en colombia, descubre cuales son los principales factores a tener en cuenta en nuestro pa\u00eds.<\/div><div  class=\"elementor-button elementor-slide-button elementor-size-sm\">Haz clic aqu\u00ed<\/div><\/div><\/a><\/div><div class=\"elementor-repeater-item-39224f1 swiper-slide\" role=\"group\" aria-roledescription=\"slide\"><div class=\"swiper-slide-bg\" role=\"img\"><\/div><div class=\"elementor-background-overlay\"><\/div><div class=\"swiper-slide-inner\" ><div class=\"swiper-slide-contents\"><div class=\"elementor-slide-heading\">Transito Aduanero?<\/div><div class=\"elementor-slide-description\">De que se trata, cuando aplica y cual es la normatividad vigente para esta modalidad en nuestro pa\u00eds.<\/div><div  class=\"elementor-button elementor-slide-button elementor-size-sm\">Haz clic aqu\u00ed<\/div><\/div><\/div><\/div><div class=\"elementor-repeater-item-9b24661 swiper-slide\" role=\"group\" aria-roledescription=\"slide\"><div class=\"swiper-slide-bg\" role=\"img\"><\/div><div class=\"elementor-background-overlay\"><\/div><div class=\"swiper-slide-inner\" ><div class=\"swiper-slide-contents\"><div class=\"elementor-slide-heading\">Cartagena y Buenaventura los principales puertos en Colombia<\/div><div class=\"elementor-slide-description\">Hecha un vistazo al analisis realizado a nuestros principales puertos de salida y entrada de mercancia. Cuales son sus fortalezas, debilidades y cual es la proyecci\u00f3n a futuro de cada uno de ellos.<\/div><div  class=\"elementor-button elementor-slide-button elementor-size-sm\">Haz clic aqu\u00ed<\/div><\/div><\/div><\/div>\t\t\t\t<\/div>\n\t\t\t\t\t\t\t\t\t\t\t\t\t\t\t<div class=\"elementor-swiper-button elementor-swiper-button-prev\" role=\"button\" tabindex=\"0\" aria-label=\"Diapositiva anterior\">\n\t\t\t\t\t\t\t<i aria-hidden=\"true\" class=\"eicon-chevron-left\"><\/i>\t\t\t\t\t\t<\/div>\n\t\t\t\t\t\t<div class=\"elementor-swiper-button elementor-swiper-button-next\" role=\"button\" tabindex=\"0\" aria-label=\"Diapositiva siguiente\">\n\t\t\t\t\t\t\t<i aria-hidden=\"true\" class=\"eicon-chevron-right\"><\/i>\t\t\t\t\t\t<\/div>\n\t\t\t\t\t\t\t\t\t\t\t\t\t\t\t\t<div class=\"swiper-pagination\"><\/div>\n\t\t\t\t\t\t\t\t\t\t\t\t<\/div>\n\t\t\t\t<\/div>\n\t\t\t\t\t\t\t\t<\/div>\n\t\t\t\t<\/div>\n\t\t\t\t\t<\/div>\n\t\t<\/div>\n\t\t\t\t\t<\/div>\n\t\t<\/section>\n\t\t\t\t<\/div>\n\t\t","protected":false},"excerpt":{"rendered":"<p>Que es agenciamiento Aduanero?Muchas son las dudas que se crean alrededor de este concepto tan popular en el comercio internacional, averig\u00fcemos de que se trata.Haz clic aqu\u00edLas Zonas FrancasQue son?, cual es su funci\u00f3n?, Que tan importantes son para el comercio exterior?Haz clic aqu\u00edExportaciones en ColombiaDescubre cuales son los principales factores a tener en cuenta [&hellip;]<\/p>\n","protected":false},"author":1,"featured_media":0,"parent":0,"menu_order":0,"comment_status":"closed","ping_status":"closed","template":"","meta":{"site-sidebar-layout":"no-sidebar","site-content-layout":"page-builder","ast-site-content-layout":"default","site-content-style":"default","site-sidebar-style":"default","ast-global-header-display":"","ast-banner-title-visibility":"","ast-main-header-display":"","ast-hfb-above-header-display":"","ast-hfb-below-header-display":"","ast-hfb-mobile-header-display":"","site-post-title":"disabled","ast-breadcrumbs-content":"","ast-featured-img":"disabled","footer-sml-layout":"","theme-transparent-header-meta":"default","adv-header-id-meta":"","stick-header-meta":"","header-above-stick-meta":"","header-main-stick-meta":"","header-below-stick-meta":"","astra-migrate-meta-layouts":"default","ast-page-background-enabled":"default","ast-page-background-meta":{"desktop":{"background-color":"var(--ast-global-color-4)","background-image":"","background-repeat":"repeat","background-position":"center center","background-size":"auto","background-attachment":"scroll","background-type":"","background-media":"","overlay-type":"","overlay-color":"","overlay-opacity":"","overlay-gradient":""},"tablet":{"background-color":"","background-image":"","background-repeat":"repeat","background-position":"center center","background-size":"auto","background-attachment":"scroll","background-type":"","background-media":"","overlay-type":"","overlay-color":"","overlay-opacity":"","overlay-gradient":""},"mobile":{"background-color":"","background-image":"","background-repeat":"repeat","background-position":"center center","background-size":"auto","background-attachment":"scroll","background-type":"","background-media":"","overlay-type":"","overlay-color":"","overlay-opacity":"","overlay-gradient":""}},"ast-content-background-meta":{"desktop":{"background-color":"var(--ast-global-color-5)","background-image":"","background-repeat":"repeat","background-position":"center center","background-size":"auto","background-attachment":"scroll","background-type":"","background-media":"","overlay-type":"","overlay-color":"","overlay-opacity":"","overlay-gradient":""},"tablet":{"background-color":"var(--ast-global-color-5)","background-image":"","background-repeat":"repeat","background-position":"center center","background-size":"auto","background-attachment":"scroll","background-type":"","background-media":"","overlay-type":"","overlay-color":"","overlay-opacity":"","overlay-gradient":""},"mobile":{"background-color":"var(--ast-global-color-5)","background-image":"","background-repeat":"repeat","background-position":"center center","background-size":"auto","background-attachment":"scroll","background-type":"","background-media":"","overlay-type":"","overlay-color":"","overlay-opacity":"","overlay-gradient":""}},"footnotes":""},"class_list":["post-566","page","type-page","status-publish","hentry"],"yoast_head":"<!-- This site is optimized with the Yoast SEO plugin v27.5 - https:\/\/yoast.com\/product\/yoast-seo-wordpress\/ -->\n<title>Blog - Interlace Web<\/title>\n<meta name=\"robots\" content=\"index, follow, max-snippet:-1, max-image-preview:large, max-video-preview:-1\" \/>\n<link rel=\"canonical\" href=\"https:\/\/www.grupointerlace.com\/?page_id=566\" \/>\n<meta property=\"og:locale\" content=\"es_ES\" \/>\n<meta property=\"og:type\" content=\"article\" \/>\n<meta property=\"og:title\" content=\"Blog - Interlace Web\" \/>\n<meta property=\"og:description\" content=\"Que es agenciamiento Aduanero?Muchas son las dudas que se crean alrededor de este concepto tan popular en el comercio internacional, averig\u00fcemos de que se trata.Haz clic aqu\u00edLas Zonas FrancasQue son?, cual es su funci\u00f3n?, Que tan importantes son para el comercio exterior?Haz clic aqu\u00edExportaciones en ColombiaDescubre cuales son los principales factores a tener en cuenta [&hellip;]\" \/>\n<meta property=\"og:url\" content=\"https:\/\/www.grupointerlace.com\/?page_id=566\" \/>\n<meta property=\"og:site_name\" content=\"Interlace Web\" \/>\n<meta property=\"article:modified_time\" content=\"2024-03-21T14:39:29+00:00\" \/>\n<meta property=\"og:image\" content=\"https:\/\/www.grupointerlace.com\/wp-content\/uploads\/2023\/03\/cropped-logo-modificado-nuevo-png.png\" \/>\n\t<meta property=\"og:image:width\" content=\"1365\" \/>\n\t<meta property=\"og:image:height\" content=\"657\" \/>\n\t<meta property=\"og:image:type\" content=\"image\/png\" \/>\n<meta name=\"twitter:card\" content=\"summary_large_image\" \/>\n<meta name=\"twitter:label1\" content=\"Tiempo de lectura\" \/>\n\t<meta name=\"twitter:data1\" content=\"3 minutos\" \/>\n<script type=\"application\/ld+json\" class=\"yoast-schema-graph\">{\"@context\":\"https:\\\/\\\/schema.org\",\"@graph\":[{\"@type\":\"WebPage\",\"@id\":\"https:\\\/\\\/www.grupointerlace.com\\\/?page_id=566\",\"url\":\"https:\\\/\\\/www.grupointerlace.com\\\/?page_id=566\",\"name\":\"Blog - Interlace Web\",\"isPartOf\":{\"@id\":\"https:\\\/\\\/www.grupointerlace.com\\\/#website\"},\"datePublished\":\"2023-06-22T17:47:05+00:00\",\"dateModified\":\"2024-03-21T14:39:29+00:00\",\"breadcrumb\":{\"@id\":\"https:\\\/\\\/www.grupointerlace.com\\\/?page_id=566#breadcrumb\"},\"inLanguage\":\"es\",\"potentialAction\":[{\"@type\":\"ReadAction\",\"target\":[\"https:\\\/\\\/www.grupointerlace.com\\\/?page_id=566\"]}]},{\"@type\":\"BreadcrumbList\",\"@id\":\"https:\\\/\\\/www.grupointerlace.com\\\/?page_id=566#breadcrumb\",\"itemListElement\":[{\"@type\":\"ListItem\",\"position\":1,\"name\":\"Portada\",\"item\":\"https:\\\/\\\/www.grupointerlace.com\\\/\"},{\"@type\":\"ListItem\",\"position\":2,\"name\":\"Blog\"}]},{\"@type\":\"WebSite\",\"@id\":\"https:\\\/\\\/www.grupointerlace.com\\\/#website\",\"url\":\"https:\\\/\\\/www.grupointerlace.com\\\/\",\"name\":\"Interlace\",\"description\":\"Agencia de Aduanas\",\"publisher\":{\"@id\":\"https:\\\/\\\/www.grupointerlace.com\\\/#organization\"},\"alternateName\":\"Interlace Agencia\",\"potentialAction\":[{\"@type\":\"SearchAction\",\"target\":{\"@type\":\"EntryPoint\",\"urlTemplate\":\"https:\\\/\\\/www.grupointerlace.com\\\/?s={search_term_string}\"},\"query-input\":{\"@type\":\"PropertyValueSpecification\",\"valueRequired\":true,\"valueName\":\"search_term_string\"}}],\"inLanguage\":\"es\"},{\"@type\":\"Organization\",\"@id\":\"https:\\\/\\\/www.grupointerlace.com\\\/#organization\",\"name\":\"Interlace Agencia de Aduanas SAS Nivel 2\",\"alternateName\":\"Agencia de Aduanas\",\"url\":\"https:\\\/\\\/www.grupointerlace.com\\\/\",\"logo\":{\"@type\":\"ImageObject\",\"inLanguage\":\"es\",\"@id\":\"https:\\\/\\\/www.grupointerlace.com\\\/#\\\/schema\\\/logo\\\/image\\\/\",\"url\":\"https:\\\/\\\/www.grupointerlace.com\\\/wp-content\\\/uploads\\\/2023\\\/03\\\/cropped-logo-modificado-nuevo-png.png\",\"contentUrl\":\"https:\\\/\\\/www.grupointerlace.com\\\/wp-content\\\/uploads\\\/2023\\\/03\\\/cropped-logo-modificado-nuevo-png.png\",\"width\":1365,\"height\":657,\"caption\":\"Interlace Agencia de Aduanas SAS Nivel 2\"},\"image\":{\"@id\":\"https:\\\/\\\/www.grupointerlace.com\\\/#\\\/schema\\\/logo\\\/image\\\/\"}}]}<\/script>\n<!-- \/ Yoast SEO plugin. -->","yoast_head_json":{"title":"Blog - Interlace Web","robots":{"index":"index","follow":"follow","max-snippet":"max-snippet:-1","max-image-preview":"max-image-preview:large","max-video-preview":"max-video-preview:-1"},"canonical":"https:\/\/www.grupointerlace.com\/?page_id=566","og_locale":"es_ES","og_type":"article","og_title":"Blog - Interlace Web","og_description":"Que es agenciamiento Aduanero?Muchas son las dudas que se crean alrededor de este concepto tan popular en el comercio internacional, averig\u00fcemos de que se trata.Haz clic aqu\u00edLas Zonas FrancasQue son?, cual es su funci\u00f3n?, Que tan importantes son para el comercio exterior?Haz clic aqu\u00edExportaciones en ColombiaDescubre cuales son los principales factores a tener en cuenta [&hellip;]","og_url":"https:\/\/www.grupointerlace.com\/?page_id=566","og_site_name":"Interlace Web","article_modified_time":"2024-03-21T14:39:29+00:00","og_image":[{"width":1365,"height":657,"url":"https:\/\/www.grupointerlace.com\/wp-content\/uploads\/2023\/03\/cropped-logo-modificado-nuevo-png.png","type":"image\/png"}],"twitter_card":"summary_large_image","twitter_misc":{"Tiempo de lectura":"3 minutos"},"schema":{"@context":"https:\/\/schema.org","@graph":[{"@type":"WebPage","@id":"https:\/\/www.grupointerlace.com\/?page_id=566","url":"https:\/\/www.grupointerlace.com\/?page_id=566","name":"Blog - Interlace Web","isPartOf":{"@id":"https:\/\/www.grupointerlace.com\/#website"},"datePublished":"2023-06-22T17:47:05+00:00","dateModified":"2024-03-21T14:39:29+00:00","breadcrumb":{"@id":"https:\/\/www.grupointerlace.com\/?page_id=566#breadcrumb"},"inLanguage":"es","potentialAction":[{"@type":"ReadAction","target":["https:\/\/www.grupointerlace.com\/?page_id=566"]}]},{"@type":"BreadcrumbList","@id":"https:\/\/www.grupointerlace.com\/?page_id=566#breadcrumb","itemListElement":[{"@type":"ListItem","position":1,"name":"Portada","item":"https:\/\/www.grupointerlace.com\/"},{"@type":"ListItem","position":2,"name":"Blog"}]},{"@type":"WebSite","@id":"https:\/\/www.grupointerlace.com\/#website","url":"https:\/\/www.grupointerlace.com\/","name":"Interlace","description":"Agencia de Aduanas","publisher":{"@id":"https:\/\/www.grupointerlace.com\/#organization"},"alternateName":"Interlace Agencia","potentialAction":[{"@type":"SearchAction","target":{"@type":"EntryPoint","urlTemplate":"https:\/\/www.grupointerlace.com\/?s={search_term_string}"},"query-input":{"@type":"PropertyValueSpecification","valueRequired":true,"valueName":"search_term_string"}}],"inLanguage":"es"},{"@type":"Organization","@id":"https:\/\/www.grupointerlace.com\/#organization","name":"Interlace Agencia de Aduanas SAS Nivel 2","alternateName":"Agencia de Aduanas","url":"https:\/\/www.grupointerlace.com\/","logo":{"@type":"ImageObject","inLanguage":"es","@id":"https:\/\/www.grupointerlace.com\/#\/schema\/logo\/image\/","url":"https:\/\/www.grupointerlace.com\/wp-content\/uploads\/2023\/03\/cropped-logo-modificado-nuevo-png.png","contentUrl":"https:\/\/www.grupointerlace.com\/wp-content\/uploads\/2023\/03\/cropped-logo-modificado-nuevo-png.png","width":1365,"height":657,"caption":"Interlace Agencia de Aduanas SAS Nivel 2"},"image":{"@id":"https:\/\/www.grupointerlace.com\/#\/schema\/logo\/image\/"}}]}},"_links":{"self":[{"href":"https:\/\/www.grupointerlace.com\/index.php?rest_route=\/wp\/v2\/pages\/566","targetHints":{"allow":["GET"]}}],"collection":[{"href":"https:\/\/www.grupointerlace.com\/index.php?rest_route=\/wp\/v2\/pages"}],"about":[{"href":"https:\/\/www.grupointerlace.com\/index.php?rest_route=\/wp\/v2\/types\/page"}],"author":[{"embeddable":true,"href":"https:\/\/www.grupointerlace.com\/index.php?rest_route=\/wp\/v2\/users\/1"}],"replies":[{"embeddable":true,"href":"https:\/\/www.grupointerlace.com\/index.php?rest_route=%2Fwp%2Fv2%2Fcomments&post=566"}],"version-history":[{"count":47,"href":"https:\/\/www.grupointerlace.com\/index.php?rest_route=\/wp\/v2\/pages\/566\/revisions"}],"predecessor-version":[{"id":2896,"href":"https:\/\/www.grupointerlace.com\/index.php?rest_route=\/wp\/v2\/pages\/566\/revisions\/2896"}],"wp:attachment":[{"href":"https:\/\/www.grupointerlace.com\/index.php?rest_route=%2Fwp%2Fv2%2Fmedia&parent=566"}],"curies":[{"name":"wp","href":"https:\/\/api.w.org\/{rel}","templated":true}]}}