{"id":2124,"date":"2023-06-22T16:23:07","date_gmt":"2023-06-22T16:23:07","guid":{"rendered":"https:\/\/www.grupointerlace.com\/?page_id=2124"},"modified":"2025-06-26T18:26:22","modified_gmt":"2025-06-26T18:26:22","slug":"sg-sst","status":"publish","type":"page","link":"https:\/\/www.grupointerlace.com\/?page_id=2124","title":{"rendered":"SG-SST"},"content":{"rendered":"\t\t<div data-elementor-type=\"wp-page\" data-elementor-id=\"2124\" class=\"elementor elementor-2124\" data-elementor-post-type=\"page\">\n\t\t\t\t\t\t<section class=\"elementor-section elementor-top-section elementor-element elementor-element-78529d03 elementor-section-content-middle elementor-reverse-mobile elementor-section-boxed elementor-section-height-default elementor-section-height-default\" data-id=\"78529d03\" data-element_type=\"section\" data-e-type=\"section\" data-settings=\"{&quot;background_background&quot;:&quot;gradient&quot;}\">\n\t\t\t\t\t\t\t<div class=\"elementor-background-overlay\"><\/div>\n\t\t\t\t\t\t\t<div class=\"elementor-container elementor-column-gap-no\">\n\t\t\t\t\t<div class=\"elementor-column elementor-col-50 elementor-top-column elementor-element elementor-element-1c797a3e\" data-id=\"1c797a3e\" data-element_type=\"column\" data-e-type=\"column\">\n\t\t\t<div class=\"elementor-widget-wrap elementor-element-populated\">\n\t\t\t\t\t\t<div class=\"elementor-element elementor-element-55aee7b7 elementor-widget elementor-widget-heading\" data-id=\"55aee7b7\" data-element_type=\"widget\" data-e-type=\"widget\" data-widget_type=\"heading.default\">\n\t\t\t\t<div class=\"elementor-widget-container\">\n\t\t\t\t\t<h4 class=\"elementor-heading-title elementor-size-default\">SG-SST<\/h4>\t\t\t\t<\/div>\n\t\t\t\t<\/div>\n\t\t\t\t<div class=\"elementor-element elementor-element-4dc00eb3 elementor-widget elementor-widget-text-editor\" data-id=\"4dc00eb3\" data-element_type=\"widget\" data-e-type=\"widget\" data-widget_type=\"text-editor.default\">\n\t\t\t\t<div class=\"elementor-widget-container\">\n\t\t\t\t\t\t\t\t\t<p style=\"text-align: right;\"><span style=\"color: #000000;\"><strong>Interlace Agencia de Aduanas S.A.S<\/strong>. <strong>Nivel 2<\/strong>, est\u00e1 comprometida con nuestros colaboradores, clientes y contratistas en la implementaci\u00f3n de nuestro sistema de gesti\u00f3n de seguridad y salud en el trabajo, dando cumplimiento a la normatividad legal vigente y fomentando una cultura de autocuidado para prevenir los accidentes de trabajo y enfermedades laborales, con el objetivo de procurar el m\u00e1s alto grado de bienestar f\u00edsico, mental y social de cada uno de nuestros colaboradores.<\/span><\/p>\t\t\t\t\t\t\t\t<\/div>\n\t\t\t\t<\/div>\n\t\t\t\t\t<\/div>\n\t\t<\/div>\n\t\t\t\t<div class=\"elementor-column elementor-col-50 elementor-top-column elementor-element elementor-element-789eb8e9\" data-id=\"789eb8e9\" data-element_type=\"column\" data-e-type=\"column\" data-settings=\"{&quot;background_background&quot;:&quot;classic&quot;}\">\n\t\t\t<div class=\"elementor-widget-wrap elementor-element-populated\">\n\t\t\t\t\t<div class=\"elementor-background-overlay\"><\/div>\n\t\t\t\t\t\t<div class=\"elementor-element elementor-element-f572770 elementor-widget-divider--view-line elementor-widget elementor-widget-divider\" data-id=\"f572770\" data-element_type=\"widget\" data-e-type=\"widget\" data-widget_type=\"divider.default\">\n\t\t\t\t<div class=\"elementor-widget-container\">\n\t\t\t\t\t\t\t<div class=\"elementor-divider\">\n\t\t\t<span class=\"elementor-divider-separator\">\n\t\t\t\t\t\t<\/span>\n\t\t<\/div>\n\t\t\t\t\t\t<\/div>\n\t\t\t\t<\/div>\n\t\t\t\t\t<\/div>\n\t\t<\/div>\n\t\t\t\t\t<\/div>\n\t\t<\/section>\n\t\t\t\t<section class=\"elementor-section elementor-top-section elementor-element elementor-element-3bc22f25 elementor-section-height-min-height elementor-section-boxed elementor-section-height-default elementor-section-items-middle\" data-id=\"3bc22f25\" data-element_type=\"section\" data-e-type=\"section\" data-settings=\"{&quot;background_background&quot;:&quot;gradient&quot;}\">\n\t\t\t\t\t\t\t<div class=\"elementor-background-overlay\"><\/div>\n\t\t\t\t\t\t\t<div class=\"elementor-container elementor-column-gap-default\">\n\t\t\t\t\t<div class=\"elementor-column elementor-col-33 elementor-top-column elementor-element elementor-element-45513759\" data-id=\"45513759\" data-element_type=\"column\" data-e-type=\"column\" data-settings=\"{&quot;background_background&quot;:&quot;classic&quot;}\">\n\t\t\t<div class=\"elementor-widget-wrap elementor-element-populated\">\n\t\t\t\t\t\t<div class=\"elementor-element elementor-element-68aef330 elementor-widget elementor-widget-text-editor\" data-id=\"68aef330\" data-element_type=\"widget\" data-e-type=\"widget\" data-widget_type=\"text-editor.default\">\n\t\t\t\t<div class=\"elementor-widget-container\">\n\t\t\t\t\t\t\t\t\t<p><strong style=\"font-style: inherit; letter-spacing: 0.7px; background-color: transparent;\">Politica Integrada de Gesti\u00f3n.<\/strong><\/p>\t\t\t\t\t\t\t\t<\/div>\n\t\t\t\t<\/div>\n\t\t\t\t<div class=\"elementor-element elementor-element-38539098 elementor-widget elementor-widget-bae-pdf-native-embedder\" data-id=\"38539098\" data-element_type=\"widget\" data-e-type=\"widget\" data-widget_type=\"bae-pdf-native-embedder.default\">\n\t\t\t\t<div class=\"elementor-widget-container\">\n\t\t\t\t\t\t\t<div class =\"native_style\">\r\n\t\t\t     \t\t<div class=\"download\">\r\n\t\t\t\t\t\t\t<\/div>\r\n\t\t<\/div>\r\n\t\t\t\t<div class=\"my_native\">\r\n\t\t\t<iframe src=\"https:\/\/www.grupointerlace.com\/wp-content\/uploads\/2025\/06\/POLITICA-INTEGRADA-DE-GESTION_V6_2025.pdf\"><\/iframe>\r\n\t\t<\/div>\r\n\t\t\t\t\t<\/div>\n\t\t\t\t<\/div>\n\t\t\t\t\t<\/div>\n\t\t<\/div>\n\t\t\t\t<div class=\"elementor-column elementor-col-33 elementor-top-column elementor-element elementor-element-262f3a6f\" data-id=\"262f3a6f\" data-element_type=\"column\" data-e-type=\"column\">\n\t\t\t<div class=\"elementor-widget-wrap elementor-element-populated\">\n\t\t\t\t\t\t<div class=\"elementor-element elementor-element-37a16e0c elementor-widget elementor-widget-text-editor\" data-id=\"37a16e0c\" data-element_type=\"widget\" data-e-type=\"widget\" data-widget_type=\"text-editor.default\">\n\t\t\t\t<div class=\"elementor-widget-container\">\n\t\t\t\t\t\t\t\t\t<p><strong>Pol\u00edtica para la prevenci\u00f3n del acoso Laboral<\/strong><\/p>\t\t\t\t\t\t\t\t<\/div>\n\t\t\t\t<\/div>\n\t\t\t\t<div class=\"elementor-element elementor-element-2881dbeb elementor-widget elementor-widget-bae-pdf-native-embedder\" data-id=\"2881dbeb\" data-element_type=\"widget\" data-e-type=\"widget\" data-widget_type=\"bae-pdf-native-embedder.default\">\n\t\t\t\t<div class=\"elementor-widget-container\">\n\t\t\t\t\t\t\t<div class =\"native_style\">\r\n\t\t\t     \t\t<div class=\"download\">\r\n\t\t\t\t\t\t\t<\/div>\r\n\t\t<\/div>\r\n\t\t\t\t<div class=\"my_native\">\r\n\t\t\t<iframe src=\"https:\/\/www.grupointerlace.com\/wp-content\/uploads\/2024\/05\/Politica-para-la-Prevencion-del-Acoso-Laboral-V.3-Firmada.pdf\"><\/iframe>\r\n\t\t<\/div>\r\n\t\t\t\t\t<\/div>\n\t\t\t\t<\/div>\n\t\t\t\t\t<\/div>\n\t\t<\/div>\n\t\t\t\t<div class=\"elementor-column elementor-col-33 elementor-top-column elementor-element elementor-element-3862a279\" data-id=\"3862a279\" data-element_type=\"column\" data-e-type=\"column\">\n\t\t\t<div class=\"elementor-widget-wrap elementor-element-populated\">\n\t\t\t\t\t\t<div class=\"elementor-element elementor-element-64bdd71a elementor-widget elementor-widget-text-editor\" data-id=\"64bdd71a\" data-element_type=\"widget\" data-e-type=\"widget\" data-widget_type=\"text-editor.default\">\n\t\t\t\t<div class=\"elementor-widget-container\">\n\t\t\t\t\t\t\t\t\t<p><strong>Pol\u00edtica de alcohol, tabaco y drogas<\/strong><\/p>\t\t\t\t\t\t\t\t<\/div>\n\t\t\t\t<\/div>\n\t\t\t\t<div class=\"elementor-element elementor-element-73b882e5 elementor-widget elementor-widget-bae-pdf-native-embedder\" data-id=\"73b882e5\" data-element_type=\"widget\" data-e-type=\"widget\" data-widget_type=\"bae-pdf-native-embedder.default\">\n\t\t\t\t<div class=\"elementor-widget-container\">\n\t\t\t\t\t\t\t<div class =\"native_style\">\r\n\t\t\t     \t\t<div class=\"download\">\r\n\t\t\t\t\t\t\t<\/div>\r\n\t\t<\/div>\r\n\t\t\t\t<div class=\"my_native\">\r\n\t\t\t<iframe src=\"https:\/\/www.grupointerlace.com\/wp-content\/uploads\/2024\/05\/Politica-de-Alcohol-Tabaco-y-Drogas-V.5-Firmada.pdf\"><\/iframe>\r\n\t\t<\/div>\r\n\t\t\t\t\t<\/div>\n\t\t\t\t<\/div>\n\t\t\t\t\t<\/div>\n\t\t<\/div>\n\t\t\t\t\t<\/div>\n\t\t<\/section>\n\t\t\t\t<section class=\"elementor-section elementor-top-section elementor-element elementor-element-67cc37e elementor-section-height-min-height elementor-section-boxed elementor-section-height-default elementor-section-items-middle\" data-id=\"67cc37e\" data-element_type=\"section\" data-e-type=\"section\" data-settings=\"{&quot;background_background&quot;:&quot;gradient&quot;}\">\n\t\t\t\t\t\t\t<div class=\"elementor-background-overlay\"><\/div>\n\t\t\t\t\t\t\t<div class=\"elementor-container elementor-column-gap-default\">\n\t\t\t\t\t<div class=\"elementor-column elementor-col-33 elementor-top-column elementor-element elementor-element-c00ed80\" data-id=\"c00ed80\" data-element_type=\"column\" data-e-type=\"column\">\n\t\t\t<div class=\"elementor-widget-wrap elementor-element-populated\">\n\t\t\t\t\t\t<div class=\"elementor-element elementor-element-591f17f elementor-widget elementor-widget-text-editor\" data-id=\"591f17f\" data-element_type=\"widget\" data-e-type=\"widget\" data-widget_type=\"text-editor.default\">\n\t\t\t\t<div class=\"elementor-widget-container\">\n\t\t\t\t\t\t\t\t\t<p><strong>Manual de Convivencia Laboral<\/strong><\/p>\t\t\t\t\t\t\t\t<\/div>\n\t\t\t\t<\/div>\n\t\t\t\t<div class=\"elementor-element elementor-element-50496d9 elementor-widget elementor-widget-bae-pdf-native-embedder\" data-id=\"50496d9\" data-element_type=\"widget\" data-e-type=\"widget\" data-widget_type=\"bae-pdf-native-embedder.default\">\n\t\t\t\t<div class=\"elementor-widget-container\">\n\t\t\t\t\t\t\t<div class =\"native_style\">\r\n\t\t\t     \t\t<div class=\"download\">\r\n\t\t\t\t\t\t\t<\/div>\r\n\t\t<\/div>\r\n\t\t\t\t<div class=\"my_native\">\r\n\t\t\t<iframe src=\"https:\/\/www.grupointerlace.com\/wp-content\/uploads\/2024\/05\/Manual-de-Convivencia-Laboral-V.3-Firmada.pdf\"><\/iframe>\r\n\t\t<\/div>\r\n\t\t\t\t\t<\/div>\n\t\t\t\t<\/div>\n\t\t\t\t\t<\/div>\n\t\t<\/div>\n\t\t\t\t<div class=\"elementor-column elementor-col-33 elementor-top-column elementor-element elementor-element-8e3ded1\" data-id=\"8e3ded1\" data-element_type=\"column\" data-e-type=\"column\">\n\t\t\t<div class=\"elementor-widget-wrap elementor-element-populated\">\n\t\t\t\t\t\t<div class=\"elementor-element elementor-element-b400be2 elementor-widget elementor-widget-text-editor\" data-id=\"b400be2\" data-element_type=\"widget\" data-e-type=\"widget\" data-widget_type=\"text-editor.default\">\n\t\t\t\t<div class=\"elementor-widget-container\">\n\t\t\t\t\t\t\t\t\t<p><strong>Pol\u00edtica de preparaci\u00f3n y respuesta ante emergencias<\/strong><\/p>\t\t\t\t\t\t\t\t<\/div>\n\t\t\t\t<\/div>\n\t\t\t\t<div class=\"elementor-element elementor-element-0283427 elementor-widget elementor-widget-bae-pdf-native-embedder\" data-id=\"0283427\" data-element_type=\"widget\" data-e-type=\"widget\" data-widget_type=\"bae-pdf-native-embedder.default\">\n\t\t\t\t<div class=\"elementor-widget-container\">\n\t\t\t\t\t\t\t<div class =\"native_style\">\r\n\t\t\t     \t\t<div class=\"download\">\r\n\t\t\t\t\t\t\t<\/div>\r\n\t\t<\/div>\r\n\t\t\t\t<div class=\"my_native\">\r\n\t\t\t<iframe src=\"https:\/\/www.grupointerlace.com\/wp-content\/uploads\/2024\/05\/Politica-de-Emergencias-V.5-Firmada.pdf\"><\/iframe>\r\n\t\t<\/div>\r\n\t\t\t\t\t<\/div>\n\t\t\t\t<\/div>\n\t\t\t\t\t<\/div>\n\t\t<\/div>\n\t\t\t\t<div class=\"elementor-column elementor-col-33 elementor-top-column elementor-element elementor-element-e31972f\" data-id=\"e31972f\" data-element_type=\"column\" data-e-type=\"column\">\n\t\t\t<div class=\"elementor-widget-wrap elementor-element-populated\">\n\t\t\t\t\t\t<div class=\"elementor-element elementor-element-9f590c8 elementor-widget elementor-widget-text-editor\" data-id=\"9f590c8\" data-element_type=\"widget\" data-e-type=\"widget\" data-widget_type=\"text-editor.default\">\n\t\t\t\t<div class=\"elementor-widget-container\">\n\t\t\t\t\t\t\t\t\t<p><strong>Reglamento de Higiene y Seguridad Industrial<\/strong><\/p>\t\t\t\t\t\t\t\t<\/div>\n\t\t\t\t<\/div>\n\t\t\t\t<div class=\"elementor-element elementor-element-ef3ce52 elementor-widget elementor-widget-bae-pdf-native-embedder\" data-id=\"ef3ce52\" data-element_type=\"widget\" data-e-type=\"widget\" data-widget_type=\"bae-pdf-native-embedder.default\">\n\t\t\t\t<div class=\"elementor-widget-container\">\n\t\t\t\t\t\t\t<div class =\"native_style\">\r\n\t\t\t     \t\t<div class=\"download\">\r\n\t\t\t\t\t\t\t<\/div>\r\n\t\t<\/div>\r\n\t\t\t\t<div class=\"my_native\">\r\n\t\t\t<iframe src=\"https:\/\/www.grupointerlace.com\/wp-content\/uploads\/2024\/05\/Reglamento-de-Higiene-y-Seguridad-Industrial-V.4-Firmada.pdf\"><\/iframe>\r\n\t\t<\/div>\r\n\t\t\t\t\t<\/div>\n\t\t\t\t<\/div>\n\t\t\t\t\t<\/div>\n\t\t<\/div>\n\t\t\t\t\t<\/div>\n\t\t<\/section>\n\t\t\t\t<\/div>\n\t\t","protected":false},"excerpt":{"rendered":"<p>SG-SST Interlace Agencia de Aduanas S.A.S. Nivel 2, est\u00e1 comprometida con nuestros colaboradores, clientes y contratistas en la implementaci\u00f3n de nuestro sistema de gesti\u00f3n de seguridad y salud en el trabajo, dando cumplimiento a la normatividad legal vigente y fomentando una cultura de autocuidado para prevenir los accidentes de trabajo y enfermedades laborales, con el [&hellip;]<\/p>\n","protected":false},"author":1,"featured_media":0,"parent":0,"menu_order":0,"comment_status":"closed","ping_status":"closed","template":"","meta":{"site-sidebar-layout":"no-sidebar","site-content-layout":"page-builder","ast-site-content-layout":"default","site-content-style":"default","site-sidebar-style":"default","ast-global-header-display":"","ast-banner-title-visibility":"","ast-main-header-display":"","ast-hfb-above-header-display":"","ast-hfb-below-header-display":"","ast-hfb-mobile-header-display":"","site-post-title":"disabled","ast-breadcrumbs-content":"","ast-featured-img":"disabled","footer-sml-layout":"","theme-transparent-header-meta":"","adv-header-id-meta":"","stick-header-meta":"","header-above-stick-meta":"","header-main-stick-meta":"","header-below-stick-meta":"","astra-migrate-meta-layouts":"default","ast-page-background-enabled":"default","ast-page-background-meta":{"desktop":{"background-color":"var(--ast-global-color-4)","background-image":"","background-repeat":"repeat","background-position":"center center","background-size":"auto","background-attachment":"scroll","background-type":"","background-media":"","overlay-type":"","overlay-color":"","overlay-opacity":"","overlay-gradient":""},"tablet":{"background-color":"","background-image":"","background-repeat":"repeat","background-position":"center center","background-size":"auto","background-attachment":"scroll","background-type":"","background-media":"","overlay-type":"","overlay-color":"","overlay-opacity":"","overlay-gradient":""},"mobile":{"background-color":"","background-image":"","background-repeat":"repeat","background-position":"center center","background-size":"auto","background-attachment":"scroll","background-type":"","background-media":"","overlay-type":"","overlay-color":"","overlay-opacity":"","overlay-gradient":""}},"ast-content-background-meta":{"desktop":{"background-color":"var(--ast-global-color-5)","background-image":"","background-repeat":"repeat","background-position":"center center","background-size":"auto","background-attachment":"scroll","background-type":"","background-media":"","overlay-type":"","overlay-color":"","overlay-opacity":"","overlay-gradient":""},"tablet":{"background-color":"var(--ast-global-color-5)","background-image":"","background-repeat":"repeat","background-position":"center center","background-size":"auto","background-attachment":"scroll","background-type":"","background-media":"","overlay-type":"","overlay-color":"","overlay-opacity":"","overlay-gradient":""},"mobile":{"background-color":"var(--ast-global-color-5)","background-image":"","background-repeat":"repeat","background-position":"center center","background-size":"auto","background-attachment":"scroll","background-type":"","background-media":"","overlay-type":"","overlay-color":"","overlay-opacity":"","overlay-gradient":""}},"footnotes":""},"class_list":["post-2124","page","type-page","status-publish","hentry"],"yoast_head":"<!-- This site is optimized with the Yoast SEO plugin v27.5 - https:\/\/yoast.com\/product\/yoast-seo-wordpress\/ -->\n<title>SG-SST - Interlace Web<\/title>\n<meta name=\"robots\" content=\"index, follow, max-snippet:-1, max-image-preview:large, max-video-preview:-1\" \/>\n<link rel=\"canonical\" href=\"https:\/\/www.grupointerlace.com\/?page_id=2124\" \/>\n<meta property=\"og:locale\" content=\"es_ES\" \/>\n<meta property=\"og:type\" content=\"article\" \/>\n<meta property=\"og:title\" content=\"SG-SST - Interlace Web\" \/>\n<meta property=\"og:description\" content=\"SG-SST Interlace Agencia de Aduanas S.A.S. Nivel 2, est\u00e1 comprometida con nuestros colaboradores, clientes y contratistas en la implementaci\u00f3n de nuestro sistema de gesti\u00f3n de seguridad y salud en el trabajo, dando cumplimiento a la normatividad legal vigente y fomentando una cultura de autocuidado para prevenir los accidentes de trabajo y enfermedades laborales, con el [&hellip;]\" \/>\n<meta property=\"og:url\" content=\"https:\/\/www.grupointerlace.com\/?page_id=2124\" \/>\n<meta property=\"og:site_name\" content=\"Interlace Web\" \/>\n<meta property=\"article:modified_time\" content=\"2025-06-26T18:26:22+00:00\" \/>\n<meta property=\"og:image\" content=\"https:\/\/www.grupointerlace.com\/wp-content\/uploads\/2023\/03\/cropped-logo-modificado-nuevo-png.png\" \/>\n\t<meta property=\"og:image:width\" content=\"1365\" \/>\n\t<meta property=\"og:image:height\" content=\"657\" \/>\n\t<meta property=\"og:image:type\" content=\"image\/png\" \/>\n<meta name=\"twitter:card\" content=\"summary_large_image\" \/>\n<meta name=\"twitter:label1\" content=\"Tiempo de lectura\" \/>\n\t<meta name=\"twitter:data1\" content=\"1 minuto\" \/>\n<script type=\"application\/ld+json\" class=\"yoast-schema-graph\">{\"@context\":\"https:\\\/\\\/schema.org\",\"@graph\":[{\"@type\":\"WebPage\",\"@id\":\"https:\\\/\\\/www.grupointerlace.com\\\/?page_id=2124\",\"url\":\"https:\\\/\\\/www.grupointerlace.com\\\/?page_id=2124\",\"name\":\"SG-SST - Interlace Web\",\"isPartOf\":{\"@id\":\"https:\\\/\\\/www.grupointerlace.com\\\/#website\"},\"datePublished\":\"2023-06-22T16:23:07+00:00\",\"dateModified\":\"2025-06-26T18:26:22+00:00\",\"breadcrumb\":{\"@id\":\"https:\\\/\\\/www.grupointerlace.com\\\/?page_id=2124#breadcrumb\"},\"inLanguage\":\"es\",\"potentialAction\":[{\"@type\":\"ReadAction\",\"target\":[\"https:\\\/\\\/www.grupointerlace.com\\\/?page_id=2124\"]}]},{\"@type\":\"BreadcrumbList\",\"@id\":\"https:\\\/\\\/www.grupointerlace.com\\\/?page_id=2124#breadcrumb\",\"itemListElement\":[{\"@type\":\"ListItem\",\"position\":1,\"name\":\"Portada\",\"item\":\"https:\\\/\\\/www.grupointerlace.com\\\/\"},{\"@type\":\"ListItem\",\"position\":2,\"name\":\"SG-SST\"}]},{\"@type\":\"WebSite\",\"@id\":\"https:\\\/\\\/www.grupointerlace.com\\\/#website\",\"url\":\"https:\\\/\\\/www.grupointerlace.com\\\/\",\"name\":\"Interlace\",\"description\":\"Agencia de Aduanas\",\"publisher\":{\"@id\":\"https:\\\/\\\/www.grupointerlace.com\\\/#organization\"},\"alternateName\":\"Interlace Agencia\",\"potentialAction\":[{\"@type\":\"SearchAction\",\"target\":{\"@type\":\"EntryPoint\",\"urlTemplate\":\"https:\\\/\\\/www.grupointerlace.com\\\/?s={search_term_string}\"},\"query-input\":{\"@type\":\"PropertyValueSpecification\",\"valueRequired\":true,\"valueName\":\"search_term_string\"}}],\"inLanguage\":\"es\"},{\"@type\":\"Organization\",\"@id\":\"https:\\\/\\\/www.grupointerlace.com\\\/#organization\",\"name\":\"Interlace Agencia de Aduanas SAS Nivel 2\",\"alternateName\":\"Agencia de Aduanas\",\"url\":\"https:\\\/\\\/www.grupointerlace.com\\\/\",\"logo\":{\"@type\":\"ImageObject\",\"inLanguage\":\"es\",\"@id\":\"https:\\\/\\\/www.grupointerlace.com\\\/#\\\/schema\\\/logo\\\/image\\\/\",\"url\":\"https:\\\/\\\/www.grupointerlace.com\\\/wp-content\\\/uploads\\\/2023\\\/03\\\/cropped-logo-modificado-nuevo-png.png\",\"contentUrl\":\"https:\\\/\\\/www.grupointerlace.com\\\/wp-content\\\/uploads\\\/2023\\\/03\\\/cropped-logo-modificado-nuevo-png.png\",\"width\":1365,\"height\":657,\"caption\":\"Interlace Agencia de Aduanas SAS Nivel 2\"},\"image\":{\"@id\":\"https:\\\/\\\/www.grupointerlace.com\\\/#\\\/schema\\\/logo\\\/image\\\/\"}}]}<\/script>\n<!-- \/ Yoast SEO plugin. -->","yoast_head_json":{"title":"SG-SST - Interlace Web","robots":{"index":"index","follow":"follow","max-snippet":"max-snippet:-1","max-image-preview":"max-image-preview:large","max-video-preview":"max-video-preview:-1"},"canonical":"https:\/\/www.grupointerlace.com\/?page_id=2124","og_locale":"es_ES","og_type":"article","og_title":"SG-SST - Interlace Web","og_description":"SG-SST Interlace Agencia de Aduanas S.A.S. Nivel 2, est\u00e1 comprometida con nuestros colaboradores, clientes y contratistas en la implementaci\u00f3n de nuestro sistema de gesti\u00f3n de seguridad y salud en el trabajo, dando cumplimiento a la normatividad legal vigente y fomentando una cultura de autocuidado para prevenir los accidentes de trabajo y enfermedades laborales, con el [&hellip;]","og_url":"https:\/\/www.grupointerlace.com\/?page_id=2124","og_site_name":"Interlace Web","article_modified_time":"2025-06-26T18:26:22+00:00","og_image":[{"width":1365,"height":657,"url":"https:\/\/www.grupointerlace.com\/wp-content\/uploads\/2023\/03\/cropped-logo-modificado-nuevo-png.png","type":"image\/png"}],"twitter_card":"summary_large_image","twitter_misc":{"Tiempo de lectura":"1 minuto"},"schema":{"@context":"https:\/\/schema.org","@graph":[{"@type":"WebPage","@id":"https:\/\/www.grupointerlace.com\/?page_id=2124","url":"https:\/\/www.grupointerlace.com\/?page_id=2124","name":"SG-SST - Interlace Web","isPartOf":{"@id":"https:\/\/www.grupointerlace.com\/#website"},"datePublished":"2023-06-22T16:23:07+00:00","dateModified":"2025-06-26T18:26:22+00:00","breadcrumb":{"@id":"https:\/\/www.grupointerlace.com\/?page_id=2124#breadcrumb"},"inLanguage":"es","potentialAction":[{"@type":"ReadAction","target":["https:\/\/www.grupointerlace.com\/?page_id=2124"]}]},{"@type":"BreadcrumbList","@id":"https:\/\/www.grupointerlace.com\/?page_id=2124#breadcrumb","itemListElement":[{"@type":"ListItem","position":1,"name":"Portada","item":"https:\/\/www.grupointerlace.com\/"},{"@type":"ListItem","position":2,"name":"SG-SST"}]},{"@type":"WebSite","@id":"https:\/\/www.grupointerlace.com\/#website","url":"https:\/\/www.grupointerlace.com\/","name":"Interlace","description":"Agencia de Aduanas","publisher":{"@id":"https:\/\/www.grupointerlace.com\/#organization"},"alternateName":"Interlace Agencia","potentialAction":[{"@type":"SearchAction","target":{"@type":"EntryPoint","urlTemplate":"https:\/\/www.grupointerlace.com\/?s={search_term_string}"},"query-input":{"@type":"PropertyValueSpecification","valueRequired":true,"valueName":"search_term_string"}}],"inLanguage":"es"},{"@type":"Organization","@id":"https:\/\/www.grupointerlace.com\/#organization","name":"Interlace Agencia de Aduanas SAS Nivel 2","alternateName":"Agencia de Aduanas","url":"https:\/\/www.grupointerlace.com\/","logo":{"@type":"ImageObject","inLanguage":"es","@id":"https:\/\/www.grupointerlace.com\/#\/schema\/logo\/image\/","url":"https:\/\/www.grupointerlace.com\/wp-content\/uploads\/2023\/03\/cropped-logo-modificado-nuevo-png.png","contentUrl":"https:\/\/www.grupointerlace.com\/wp-content\/uploads\/2023\/03\/cropped-logo-modificado-nuevo-png.png","width":1365,"height":657,"caption":"Interlace Agencia de Aduanas SAS Nivel 2"},"image":{"@id":"https:\/\/www.grupointerlace.com\/#\/schema\/logo\/image\/"}}]}},"_links":{"self":[{"href":"https:\/\/www.grupointerlace.com\/index.php?rest_route=\/wp\/v2\/pages\/2124","targetHints":{"allow":["GET"]}}],"collection":[{"href":"https:\/\/www.grupointerlace.com\/index.php?rest_route=\/wp\/v2\/pages"}],"about":[{"href":"https:\/\/www.grupointerlace.com\/index.php?rest_route=\/wp\/v2\/types\/page"}],"author":[{"embeddable":true,"href":"https:\/\/www.grupointerlace.com\/index.php?rest_route=\/wp\/v2\/users\/1"}],"replies":[{"embeddable":true,"href":"https:\/\/www.grupointerlace.com\/index.php?rest_route=%2Fwp%2Fv2%2Fcomments&post=2124"}],"version-history":[{"count":31,"href":"https:\/\/www.grupointerlace.com\/index.php?rest_route=\/wp\/v2\/pages\/2124\/revisions"}],"predecessor-version":[{"id":3167,"href":"https:\/\/www.grupointerlace.com\/index.php?rest_route=\/wp\/v2\/pages\/2124\/revisions\/3167"}],"wp:attachment":[{"href":"https:\/\/www.grupointerlace.com\/index.php?rest_route=%2Fwp%2Fv2%2Fmedia&parent=2124"}],"curies":[{"name":"wp","href":"https:\/\/api.w.org\/{rel}","templated":true}]}}