{"id":2115,"date":"2023-06-22T16:20:45","date_gmt":"2023-06-22T16:20:45","guid":{"rendered":"https:\/\/www.grupointerlace.com\/?page_id=2115"},"modified":"2025-02-24T15:08:38","modified_gmt":"2025-02-24T15:08:38","slug":"vision","status":"publish","type":"page","link":"https:\/\/www.grupointerlace.com\/?page_id=2115","title":{"rendered":"Visi\u00f3n"},"content":{"rendered":"\t\t<div data-elementor-type=\"wp-page\" data-elementor-id=\"2115\" class=\"elementor elementor-2115\" data-elementor-post-type=\"page\">\n\t\t\t\t\t\t<section class=\"elementor-section elementor-top-section elementor-element elementor-element-38eca288 elementor-section-content-middle elementor-reverse-mobile elementor-section-boxed elementor-section-height-default elementor-section-height-default\" data-id=\"38eca288\" data-element_type=\"section\" data-e-type=\"section\" data-settings=\"{&quot;background_background&quot;:&quot;gradient&quot;}\">\n\t\t\t\t\t\t\t<div class=\"elementor-background-overlay\"><\/div>\n\t\t\t\t\t\t\t<div class=\"elementor-container elementor-column-gap-no\">\n\t\t\t\t\t<div class=\"elementor-column elementor-col-50 elementor-top-column elementor-element elementor-element-149cb36b\" data-id=\"149cb36b\" data-element_type=\"column\" data-e-type=\"column\">\n\t\t\t<div class=\"elementor-widget-wrap elementor-element-populated\">\n\t\t\t\t\t\t<div class=\"elementor-element elementor-element-7060b63b elementor-widget elementor-widget-heading\" data-id=\"7060b63b\" data-element_type=\"widget\" data-e-type=\"widget\" data-widget_type=\"heading.default\">\n\t\t\t\t<div class=\"elementor-widget-container\">\n\t\t\t\t\t<h4 class=\"elementor-heading-title elementor-size-default\">Nuestra Visi\u00f3n<\/h4>\t\t\t\t<\/div>\n\t\t\t\t<\/div>\n\t\t\t\t<div class=\"elementor-element elementor-element-37e014c4 elementor-widget elementor-widget-text-editor\" data-id=\"37e014c4\" data-element_type=\"widget\" data-e-type=\"widget\" data-widget_type=\"text-editor.default\">\n\t\t\t\t<div class=\"elementor-widget-container\">\n\t\t\t\t\t\t\t\t\t<p>Seremos en el a\u00f1o 2040, lideres en agenciamiento aduanero Nivel 2, garantizando a nuestros clientes la seguridad en la nacionalizaci\u00f3n de sus mercanc\u00edas.<\/p>\t\t\t\t\t\t\t\t<\/div>\n\t\t\t\t<\/div>\n\t\t\t\t\t<\/div>\n\t\t<\/div>\n\t\t\t\t<div class=\"elementor-column elementor-col-50 elementor-top-column elementor-element elementor-element-4db385b2\" data-id=\"4db385b2\" data-element_type=\"column\" data-e-type=\"column\">\n\t\t\t<div class=\"elementor-widget-wrap elementor-element-populated\">\n\t\t\t\t\t\t<div class=\"elementor-element elementor-element-76062eeb elementor-widget elementor-widget-image\" data-id=\"76062eeb\" data-element_type=\"widget\" data-e-type=\"widget\" data-widget_type=\"image.default\">\n\t\t\t\t<div class=\"elementor-widget-container\">\n\t\t\t\t\t\t\t\t\t\t\t\t\t\t\t<img fetchpriority=\"high\" decoding=\"async\" width=\"300\" height=\"225\" src=\"https:\/\/www.grupointerlace.com\/wp-content\/uploads\/2023\/06\/tyghk-1-300x225.jpg\" class=\"attachment-medium size-medium wp-image-922\" alt=\"\" srcset=\"https:\/\/www.grupointerlace.com\/wp-content\/uploads\/2023\/06\/tyghk-1-300x225.jpg 300w, https:\/\/www.grupointerlace.com\/wp-content\/uploads\/2023\/06\/tyghk-1-1024x768.jpg 1024w, https:\/\/www.grupointerlace.com\/wp-content\/uploads\/2023\/06\/tyghk-1-768x576.jpg 768w, https:\/\/www.grupointerlace.com\/wp-content\/uploads\/2023\/06\/tyghk-1-1536x1152.jpg 1536w, https:\/\/www.grupointerlace.com\/wp-content\/uploads\/2023\/06\/tyghk-1.jpg 1600w\" sizes=\"(max-width: 300px) 100vw, 300px\" \/>\t\t\t\t\t\t\t\t\t\t\t\t\t\t\t<\/div>\n\t\t\t\t<\/div>\n\t\t\t\t\t<\/div>\n\t\t<\/div>\n\t\t\t\t\t<\/div>\n\t\t<\/section>\n\t\t\t\t<\/div>\n\t\t","protected":false},"excerpt":{"rendered":"<p>Nuestra Visi\u00f3n Seremos en el a\u00f1o 2040, lideres en agenciamiento aduanero Nivel 2, garantizando a nuestros clientes la seguridad en la nacionalizaci\u00f3n de sus mercanc\u00edas.<\/p>\n","protected":false},"author":1,"featured_media":0,"parent":0,"menu_order":0,"comment_status":"closed","ping_status":"closed","template":"","meta":{"site-sidebar-layout":"no-sidebar","site-content-layout":"page-builder","ast-site-content-layout":"default","site-content-style":"default","site-sidebar-style":"default","ast-global-header-display":"","ast-banner-title-visibility":"","ast-main-header-display":"","ast-hfb-above-header-display":"","ast-hfb-below-header-display":"","ast-hfb-mobile-header-display":"","site-post-title":"disabled","ast-breadcrumbs-content":"","ast-featured-img":"disabled","footer-sml-layout":"","theme-transparent-header-meta":"","adv-header-id-meta":"","stick-header-meta":"","header-above-stick-meta":"","header-main-stick-meta":"","header-below-stick-meta":"","astra-migrate-meta-layouts":"default","ast-page-background-enabled":"default","ast-page-background-meta":{"desktop":{"background-color":"var(--ast-global-color-4)","background-image":"","background-repeat":"repeat","background-position":"center center","background-size":"auto","background-attachment":"scroll","background-type":"","background-media":"","overlay-type":"","overlay-color":"","overlay-opacity":"","overlay-gradient":""},"tablet":{"background-color":"","background-image":"","background-repeat":"repeat","background-position":"center center","background-size":"auto","background-attachment":"scroll","background-type":"","background-media":"","overlay-type":"","overlay-color":"","overlay-opacity":"","overlay-gradient":""},"mobile":{"background-color":"","background-image":"","background-repeat":"repeat","background-position":"center center","background-size":"auto","background-attachment":"scroll","background-type":"","background-media":"","overlay-type":"","overlay-color":"","overlay-opacity":"","overlay-gradient":""}},"ast-content-background-meta":{"desktop":{"background-color":"var(--ast-global-color-5)","background-image":"","background-repeat":"repeat","background-position":"center center","background-size":"auto","background-attachment":"scroll","background-type":"","background-media":"","overlay-type":"","overlay-color":"","overlay-opacity":"","overlay-gradient":""},"tablet":{"background-color":"var(--ast-global-color-5)","background-image":"","background-repeat":"repeat","background-position":"center center","background-size":"auto","background-attachment":"scroll","background-type":"","background-media":"","overlay-type":"","overlay-color":"","overlay-opacity":"","overlay-gradient":""},"mobile":{"background-color":"var(--ast-global-color-5)","background-image":"","background-repeat":"repeat","background-position":"center center","background-size":"auto","background-attachment":"scroll","background-type":"","background-media":"","overlay-type":"","overlay-color":"","overlay-opacity":"","overlay-gradient":""}},"footnotes":""},"class_list":["post-2115","page","type-page","status-publish","hentry"],"yoast_head":"<!-- This site is optimized with the Yoast SEO plugin v27.5 - https:\/\/yoast.com\/product\/yoast-seo-wordpress\/ -->\n<title>Visi\u00f3n - Interlace Web<\/title>\n<meta name=\"robots\" content=\"index, follow, max-snippet:-1, max-image-preview:large, max-video-preview:-1\" \/>\n<link rel=\"canonical\" href=\"https:\/\/www.grupointerlace.com\/?page_id=2115\" \/>\n<meta property=\"og:locale\" content=\"es_ES\" \/>\n<meta property=\"og:type\" content=\"article\" \/>\n<meta property=\"og:title\" content=\"Visi\u00f3n - Interlace Web\" \/>\n<meta property=\"og:description\" content=\"Nuestra Visi\u00f3n Seremos en el a\u00f1o 2040, lideres en agenciamiento aduanero Nivel 2, garantizando a nuestros clientes la seguridad en la nacionalizaci\u00f3n de sus mercanc\u00edas.\" \/>\n<meta property=\"og:url\" content=\"https:\/\/www.grupointerlace.com\/?page_id=2115\" \/>\n<meta property=\"og:site_name\" content=\"Interlace Web\" \/>\n<meta property=\"article:modified_time\" content=\"2025-02-24T15:08:38+00:00\" \/>\n<meta property=\"og:image\" content=\"https:\/\/www.grupointerlace.com\/wp-content\/uploads\/2023\/06\/tyghk-1-300x225.jpg\" \/>\n<meta name=\"twitter:card\" content=\"summary_large_image\" \/>\n<meta name=\"twitter:label1\" content=\"Tiempo de lectura\" \/>\n\t<meta name=\"twitter:data1\" content=\"1 minuto\" \/>\n<script type=\"application\/ld+json\" class=\"yoast-schema-graph\">{\"@context\":\"https:\\\/\\\/schema.org\",\"@graph\":[{\"@type\":\"WebPage\",\"@id\":\"https:\\\/\\\/www.grupointerlace.com\\\/?page_id=2115\",\"url\":\"https:\\\/\\\/www.grupointerlace.com\\\/?page_id=2115\",\"name\":\"Visi\u00f3n - Interlace Web\",\"isPartOf\":{\"@id\":\"https:\\\/\\\/www.grupointerlace.com\\\/#website\"},\"primaryImageOfPage\":{\"@id\":\"https:\\\/\\\/www.grupointerlace.com\\\/?page_id=2115#primaryimage\"},\"image\":{\"@id\":\"https:\\\/\\\/www.grupointerlace.com\\\/?page_id=2115#primaryimage\"},\"thumbnailUrl\":\"https:\\\/\\\/www.grupointerlace.com\\\/wp-content\\\/uploads\\\/2023\\\/06\\\/tyghk-1-300x225.jpg\",\"datePublished\":\"2023-06-22T16:20:45+00:00\",\"dateModified\":\"2025-02-24T15:08:38+00:00\",\"breadcrumb\":{\"@id\":\"https:\\\/\\\/www.grupointerlace.com\\\/?page_id=2115#breadcrumb\"},\"inLanguage\":\"es\",\"potentialAction\":[{\"@type\":\"ReadAction\",\"target\":[\"https:\\\/\\\/www.grupointerlace.com\\\/?page_id=2115\"]}]},{\"@type\":\"ImageObject\",\"inLanguage\":\"es\",\"@id\":\"https:\\\/\\\/www.grupointerlace.com\\\/?page_id=2115#primaryimage\",\"url\":\"https:\\\/\\\/www.grupointerlace.com\\\/wp-content\\\/uploads\\\/2023\\\/06\\\/tyghk-1.jpg\",\"contentUrl\":\"https:\\\/\\\/www.grupointerlace.com\\\/wp-content\\\/uploads\\\/2023\\\/06\\\/tyghk-1.jpg\",\"width\":1600,\"height\":1200},{\"@type\":\"BreadcrumbList\",\"@id\":\"https:\\\/\\\/www.grupointerlace.com\\\/?page_id=2115#breadcrumb\",\"itemListElement\":[{\"@type\":\"ListItem\",\"position\":1,\"name\":\"Portada\",\"item\":\"https:\\\/\\\/www.grupointerlace.com\\\/\"},{\"@type\":\"ListItem\",\"position\":2,\"name\":\"Visi\u00f3n\"}]},{\"@type\":\"WebSite\",\"@id\":\"https:\\\/\\\/www.grupointerlace.com\\\/#website\",\"url\":\"https:\\\/\\\/www.grupointerlace.com\\\/\",\"name\":\"Interlace\",\"description\":\"Agencia de Aduanas\",\"publisher\":{\"@id\":\"https:\\\/\\\/www.grupointerlace.com\\\/#organization\"},\"alternateName\":\"Interlace Agencia\",\"potentialAction\":[{\"@type\":\"SearchAction\",\"target\":{\"@type\":\"EntryPoint\",\"urlTemplate\":\"https:\\\/\\\/www.grupointerlace.com\\\/?s={search_term_string}\"},\"query-input\":{\"@type\":\"PropertyValueSpecification\",\"valueRequired\":true,\"valueName\":\"search_term_string\"}}],\"inLanguage\":\"es\"},{\"@type\":\"Organization\",\"@id\":\"https:\\\/\\\/www.grupointerlace.com\\\/#organization\",\"name\":\"Interlace Agencia de Aduanas SAS Nivel 2\",\"alternateName\":\"Agencia de Aduanas\",\"url\":\"https:\\\/\\\/www.grupointerlace.com\\\/\",\"logo\":{\"@type\":\"ImageObject\",\"inLanguage\":\"es\",\"@id\":\"https:\\\/\\\/www.grupointerlace.com\\\/#\\\/schema\\\/logo\\\/image\\\/\",\"url\":\"https:\\\/\\\/www.grupointerlace.com\\\/wp-content\\\/uploads\\\/2023\\\/03\\\/cropped-logo-modificado-nuevo-png.png\",\"contentUrl\":\"https:\\\/\\\/www.grupointerlace.com\\\/wp-content\\\/uploads\\\/2023\\\/03\\\/cropped-logo-modificado-nuevo-png.png\",\"width\":1365,\"height\":657,\"caption\":\"Interlace Agencia de Aduanas SAS Nivel 2\"},\"image\":{\"@id\":\"https:\\\/\\\/www.grupointerlace.com\\\/#\\\/schema\\\/logo\\\/image\\\/\"}}]}<\/script>\n<!-- \/ Yoast SEO plugin. -->","yoast_head_json":{"title":"Visi\u00f3n - Interlace Web","robots":{"index":"index","follow":"follow","max-snippet":"max-snippet:-1","max-image-preview":"max-image-preview:large","max-video-preview":"max-video-preview:-1"},"canonical":"https:\/\/www.grupointerlace.com\/?page_id=2115","og_locale":"es_ES","og_type":"article","og_title":"Visi\u00f3n - Interlace Web","og_description":"Nuestra Visi\u00f3n Seremos en el a\u00f1o 2040, lideres en agenciamiento aduanero Nivel 2, garantizando a nuestros clientes la seguridad en la nacionalizaci\u00f3n de sus mercanc\u00edas.","og_url":"https:\/\/www.grupointerlace.com\/?page_id=2115","og_site_name":"Interlace Web","article_modified_time":"2025-02-24T15:08:38+00:00","og_image":[{"url":"https:\/\/www.grupointerlace.com\/wp-content\/uploads\/2023\/06\/tyghk-1-300x225.jpg","type":"","width":"","height":""}],"twitter_card":"summary_large_image","twitter_misc":{"Tiempo de lectura":"1 minuto"},"schema":{"@context":"https:\/\/schema.org","@graph":[{"@type":"WebPage","@id":"https:\/\/www.grupointerlace.com\/?page_id=2115","url":"https:\/\/www.grupointerlace.com\/?page_id=2115","name":"Visi\u00f3n - Interlace Web","isPartOf":{"@id":"https:\/\/www.grupointerlace.com\/#website"},"primaryImageOfPage":{"@id":"https:\/\/www.grupointerlace.com\/?page_id=2115#primaryimage"},"image":{"@id":"https:\/\/www.grupointerlace.com\/?page_id=2115#primaryimage"},"thumbnailUrl":"https:\/\/www.grupointerlace.com\/wp-content\/uploads\/2023\/06\/tyghk-1-300x225.jpg","datePublished":"2023-06-22T16:20:45+00:00","dateModified":"2025-02-24T15:08:38+00:00","breadcrumb":{"@id":"https:\/\/www.grupointerlace.com\/?page_id=2115#breadcrumb"},"inLanguage":"es","potentialAction":[{"@type":"ReadAction","target":["https:\/\/www.grupointerlace.com\/?page_id=2115"]}]},{"@type":"ImageObject","inLanguage":"es","@id":"https:\/\/www.grupointerlace.com\/?page_id=2115#primaryimage","url":"https:\/\/www.grupointerlace.com\/wp-content\/uploads\/2023\/06\/tyghk-1.jpg","contentUrl":"https:\/\/www.grupointerlace.com\/wp-content\/uploads\/2023\/06\/tyghk-1.jpg","width":1600,"height":1200},{"@type":"BreadcrumbList","@id":"https:\/\/www.grupointerlace.com\/?page_id=2115#breadcrumb","itemListElement":[{"@type":"ListItem","position":1,"name":"Portada","item":"https:\/\/www.grupointerlace.com\/"},{"@type":"ListItem","position":2,"name":"Visi\u00f3n"}]},{"@type":"WebSite","@id":"https:\/\/www.grupointerlace.com\/#website","url":"https:\/\/www.grupointerlace.com\/","name":"Interlace","description":"Agencia de Aduanas","publisher":{"@id":"https:\/\/www.grupointerlace.com\/#organization"},"alternateName":"Interlace Agencia","potentialAction":[{"@type":"SearchAction","target":{"@type":"EntryPoint","urlTemplate":"https:\/\/www.grupointerlace.com\/?s={search_term_string}"},"query-input":{"@type":"PropertyValueSpecification","valueRequired":true,"valueName":"search_term_string"}}],"inLanguage":"es"},{"@type":"Organization","@id":"https:\/\/www.grupointerlace.com\/#organization","name":"Interlace Agencia de Aduanas SAS Nivel 2","alternateName":"Agencia de Aduanas","url":"https:\/\/www.grupointerlace.com\/","logo":{"@type":"ImageObject","inLanguage":"es","@id":"https:\/\/www.grupointerlace.com\/#\/schema\/logo\/image\/","url":"https:\/\/www.grupointerlace.com\/wp-content\/uploads\/2023\/03\/cropped-logo-modificado-nuevo-png.png","contentUrl":"https:\/\/www.grupointerlace.com\/wp-content\/uploads\/2023\/03\/cropped-logo-modificado-nuevo-png.png","width":1365,"height":657,"caption":"Interlace Agencia de Aduanas SAS Nivel 2"},"image":{"@id":"https:\/\/www.grupointerlace.com\/#\/schema\/logo\/image\/"}}]}},"_links":{"self":[{"href":"https:\/\/www.grupointerlace.com\/index.php?rest_route=\/wp\/v2\/pages\/2115","targetHints":{"allow":["GET"]}}],"collection":[{"href":"https:\/\/www.grupointerlace.com\/index.php?rest_route=\/wp\/v2\/pages"}],"about":[{"href":"https:\/\/www.grupointerlace.com\/index.php?rest_route=\/wp\/v2\/types\/page"}],"author":[{"embeddable":true,"href":"https:\/\/www.grupointerlace.com\/index.php?rest_route=\/wp\/v2\/users\/1"}],"replies":[{"embeddable":true,"href":"https:\/\/www.grupointerlace.com\/index.php?rest_route=%2Fwp%2Fv2%2Fcomments&post=2115"}],"version-history":[{"count":10,"href":"https:\/\/www.grupointerlace.com\/index.php?rest_route=\/wp\/v2\/pages\/2115\/revisions"}],"predecessor-version":[{"id":3061,"href":"https:\/\/www.grupointerlace.com\/index.php?rest_route=\/wp\/v2\/pages\/2115\/revisions\/3061"}],"wp:attachment":[{"href":"https:\/\/www.grupointerlace.com\/index.php?rest_route=%2Fwp%2Fv2%2Fmedia&parent=2115"}],"curies":[{"name":"wp","href":"https:\/\/api.w.org\/{rel}","templated":true}]}}